{"id":971,"date":"2022-04-02T07:01:31","date_gmt":"2022-04-02T01:01:31","guid":{"rendered":"https:\/\/r2-toys.com\/?post_type=product&#038;p=971"},"modified":"2023-07-11T22:37:10","modified_gmt":"2023-07-11T16:37:10","slug":"bo-katan-kryze","status":"publish","type":"product","link":"https:\/\/r2-toys.com\/index.php\/product\/bo-katan-kryze\/","title":{"rendered":"BO-KATAN KRYZE"},"content":{"rendered":"<p>Un guerrero dotado, Bo-Katan Kryze es un mandaloriano legendario. Se neg\u00f3 a alinearse con la ocupaci\u00f3n de Mandalore por parte del Imperio.<\/p>\n<p>Esta figura de 15cm cuenta con multiples articulaciones, viene con 3 accesorios inspirados en la serie y detalles premium<\/p>\n<p>Edad recomendada: 4 a\u00f1os en adelante<\/p>\n<div>\n<p>\u26a0\ufe0f ADVERTENCIA: PELIGRO DE ASFIXIA &#8211; Piezas peque\u00f1as. No apto para ni\u00f1os menores de 4 a\u00f1os.<\/p>\n<\/div>\n<div>\n<p>Los productos Star Wars son producidos por Hasbro bajo licencia de Lucasfilm Ltd.<\/p>\n<\/div>\n<div>\n<p>Hasbro y todos los t\u00e9rminos relacionados son marcas registradas de Hasbro.<\/p>\n<\/div>\n","protected":false},"excerpt":{"rendered":"<p>Un guerrero dotado, Bo-Katan Kryze es un mandaloriano legendario. Se neg\u00f3 a alinearse con la ocupaci\u00f3n de Mandalore por parte del Imperio.<\/p>\n","protected":false},"featured_media":4168,"comment_status":"open","ping_status":"closed","template":"","meta":[],"product_brand":[],"product_cat":[28],"product_tag":[],"class_list":{"0":"post-971","1":"product","2":"type-product","3":"status-publish","4":"has-post-thumbnail","6":"product_cat-black-series","8":"first","9":"instock","10":"taxable","11":"shipping-taxable","12":"purchasable","13":"product-type-simple"},"_links":{"self":[{"href":"https:\/\/r2-toys.com\/index.php\/wp-json\/wp\/v2\/product\/971","targetHints":{"allow":["GET"]}}],"collection":[{"href":"https:\/\/r2-toys.com\/index.php\/wp-json\/wp\/v2\/product"}],"about":[{"href":"https:\/\/r2-toys.com\/index.php\/wp-json\/wp\/v2\/types\/product"}],"replies":[{"embeddable":true,"href":"https:\/\/r2-toys.com\/index.php\/wp-json\/wp\/v2\/comments?post=971"}],"wp:featuredmedia":[{"embeddable":true,"href":"https:\/\/r2-toys.com\/index.php\/wp-json\/wp\/v2\/media\/4168"}],"wp:attachment":[{"href":"https:\/\/r2-toys.com\/index.php\/wp-json\/wp\/v2\/media?parent=971"}],"wp:term":[{"taxonomy":"product_brand","embeddable":true,"href":"https:\/\/r2-toys.com\/index.php\/wp-json\/wp\/v2\/product_brand?post=971"},{"taxonomy":"product_cat","embeddable":true,"href":"https:\/\/r2-toys.com\/index.php\/wp-json\/wp\/v2\/product_cat?post=971"},{"taxonomy":"product_tag","embeddable":true,"href":"https:\/\/r2-toys.com\/index.php\/wp-json\/wp\/v2\/product_tag?post=971"}],"curies":[{"name":"wp","href":"https:\/\/api.w.org\/{rel}","templated":true}]}}