{"id":977,"date":"2022-03-24T04:46:30","date_gmt":"2022-03-23T22:46:30","guid":{"rendered":"https:\/\/r2-toys.com\/?post_type=product&#038;p=977"},"modified":"2022-09-23T08:54:42","modified_gmt":"2022-09-23T02:54:42","slug":"captain-phasma","status":"publish","type":"product","link":"https:\/\/r2-toys.com\/index.php\/product\/captain-phasma\/","title":{"rendered":"CAPTAIN PHASMA"},"content":{"rendered":"<p>&nbsp;<\/p>\n<p>Revestido con una armadura distintiva de cromo rescatado, el Capit\u00e1n Phasma comanda las legiones de Stormtroopers de la Primera Orden.<\/p>\n<p>Imagina recrear momentos ic\u00f3nicos de Star Wars con esta figura de Capit\u00e1n Phasma a escala de 9.5cm \u00a0de Star Wars The Vintage Collection que presenta una decoraci\u00f3n de primera calidad en m\u00faltiples puntos de articulaci\u00f3n y dise\u00f1o inspirado en la pel\u00edcula Star Wars: The Force Awakens.<\/p>\n<p>Incluye figura y 2 accesorios.<\/p>\n<p>Edad recomendada: 4 a\u00f1os en adelante<\/p>\n<div>\n<p>\u26a0\ufe0f ADVERTENCIA: PELIGRO DE ASFIXIA &#8211; Piezas peque\u00f1as. No apto para ni\u00f1os menores de 4 a\u00f1os.<\/p>\n<\/div>\n<div>\n<p>Los productos Star Wars son producidos por Hasbro bajo licencia de Lucasfilm Ltd.<\/p>\n<\/div>\n<div>\n<p>Hasbro y todos los t\u00e9rminos relacionados son marcas registradas de Hasbro.<\/p>\n<\/div>\n<p>&nbsp;<\/p>\n","protected":false},"excerpt":{"rendered":"<p>Revestido con una armadura distintiva de cromo rescatado, el Capit\u00e1n Phasma comanda las legiones de Stormtroopers de la Primera Orden.<\/p>\n<p>&nbsp;<\/p>\n","protected":false},"featured_media":2428,"comment_status":"open","ping_status":"closed","template":"","meta":[],"product_brand":[],"product_cat":[28],"product_tag":[],"class_list":{"0":"post-977","1":"product","2":"type-product","3":"status-publish","4":"has-post-thumbnail","6":"product_cat-black-series","8":"first","9":"instock","10":"taxable","11":"shipping-taxable","12":"purchasable","13":"product-type-simple"},"_links":{"self":[{"href":"https:\/\/r2-toys.com\/index.php\/wp-json\/wp\/v2\/product\/977","targetHints":{"allow":["GET"]}}],"collection":[{"href":"https:\/\/r2-toys.com\/index.php\/wp-json\/wp\/v2\/product"}],"about":[{"href":"https:\/\/r2-toys.com\/index.php\/wp-json\/wp\/v2\/types\/product"}],"replies":[{"embeddable":true,"href":"https:\/\/r2-toys.com\/index.php\/wp-json\/wp\/v2\/comments?post=977"}],"wp:featuredmedia":[{"embeddable":true,"href":"https:\/\/r2-toys.com\/index.php\/wp-json\/wp\/v2\/media\/2428"}],"wp:attachment":[{"href":"https:\/\/r2-toys.com\/index.php\/wp-json\/wp\/v2\/media?parent=977"}],"wp:term":[{"taxonomy":"product_brand","embeddable":true,"href":"https:\/\/r2-toys.com\/index.php\/wp-json\/wp\/v2\/product_brand?post=977"},{"taxonomy":"product_cat","embeddable":true,"href":"https:\/\/r2-toys.com\/index.php\/wp-json\/wp\/v2\/product_cat?post=977"},{"taxonomy":"product_tag","embeddable":true,"href":"https:\/\/r2-toys.com\/index.php\/wp-json\/wp\/v2\/product_tag?post=977"}],"curies":[{"name":"wp","href":"https:\/\/api.w.org\/{rel}","templated":true}]}}