{"id":989,"date":"2022-03-24T04:47:03","date_gmt":"2022-03-23T22:47:03","guid":{"rendered":"https:\/\/r2-toys.com\/?post_type=product&#038;p=989"},"modified":"2025-12-31T23:42:04","modified_gmt":"2025-12-31T17:42:04","slug":"carnor-jax-crimson-empire","status":"publish","type":"product","link":"https:\/\/r2-toys.com\/index.php\/product\/carnor-jax-crimson-empire\/","title":{"rendered":"CARNOR JAX (CRIMSON EMPIRE)"},"content":{"rendered":"<p>Entren\u00e1ndose en los caminos del lado oscuro de la Fuerza, Carnor Jax se convirti\u00f3 en uno de los miembros m\u00e1s formidables de la Guardia Imperial y traicion\u00f3 a su hermandad usurpando el trono imperial.<\/p>\n<p>La figura de 15cm conmemora el 50.\u00ba aniversario de Lucasfilm, \u00a0incluye un accesorio y cuenta con m\u00faltiples puntos de articulaci\u00f3n.<\/p>\n<p>Tenga en cuenta que este personaje fue mal etiquetado como Carnor Jax en el empaque cuando en realidad es Kir Kanos.<\/p>\n<div>\n<p>\u26a0\ufe0f ADVERTENCIA: PELIGRO DE ASFIXIA &#8211; Piezas peque\u00f1as. No apto para ni\u00f1os menores de 4 a\u00f1os.<\/p>\n<\/div>\n<div>\n<p>Los productos Star Wars son producidos por Hasbro bajo licencia de Lucasfilm Ltd.<\/p>\n<\/div>\n<div>\n<p>Hasbro y todos los t\u00e9rminos relacionados son marcas registradas de Hasbro.<\/p>\n<\/div>\n","protected":false},"excerpt":{"rendered":"<p>Entren\u00e1ndose en los caminos del lado oscuro de la Fuerza, Carnor Jax se convirti\u00f3 en uno de los miembros m\u00e1s formidables de la Guardia Imperial y traicion\u00f3 a su hermandad usurpando el trono imperial.<\/p>\n","protected":false},"featured_media":2429,"comment_status":"open","ping_status":"closed","template":"","meta":[],"product_brand":[],"product_cat":[28],"product_tag":[],"class_list":{"0":"post-989","1":"product","2":"type-product","3":"status-publish","4":"has-post-thumbnail","6":"product_cat-black-series","8":"first","9":"instock","10":"taxable","11":"shipping-taxable","12":"purchasable","13":"product-type-simple"},"_links":{"self":[{"href":"https:\/\/r2-toys.com\/index.php\/wp-json\/wp\/v2\/product\/989","targetHints":{"allow":["GET"]}}],"collection":[{"href":"https:\/\/r2-toys.com\/index.php\/wp-json\/wp\/v2\/product"}],"about":[{"href":"https:\/\/r2-toys.com\/index.php\/wp-json\/wp\/v2\/types\/product"}],"replies":[{"embeddable":true,"href":"https:\/\/r2-toys.com\/index.php\/wp-json\/wp\/v2\/comments?post=989"}],"wp:featuredmedia":[{"embeddable":true,"href":"https:\/\/r2-toys.com\/index.php\/wp-json\/wp\/v2\/media\/2429"}],"wp:attachment":[{"href":"https:\/\/r2-toys.com\/index.php\/wp-json\/wp\/v2\/media?parent=989"}],"wp:term":[{"taxonomy":"product_brand","embeddable":true,"href":"https:\/\/r2-toys.com\/index.php\/wp-json\/wp\/v2\/product_brand?post=989"},{"taxonomy":"product_cat","embeddable":true,"href":"https:\/\/r2-toys.com\/index.php\/wp-json\/wp\/v2\/product_cat?post=989"},{"taxonomy":"product_tag","embeddable":true,"href":"https:\/\/r2-toys.com\/index.php\/wp-json\/wp\/v2\/product_tag?post=989"}],"curies":[{"name":"wp","href":"https:\/\/api.w.org\/{rel}","templated":true}]}}