{"id":993,"date":"2022-03-24T04:48:11","date_gmt":"2022-03-23T22:48:11","guid":{"rendered":"https:\/\/r2-toys.com\/?post_type=product&#038;p=993"},"modified":"2026-01-25T05:06:29","modified_gmt":"2026-01-24T23:06:29","slug":"chirrut-imwe","status":"publish","type":"product","link":"https:\/\/r2-toys.com\/index.php\/product\/chirrut-imwe\/","title":{"rendered":"CHIRRUT IMWE"},"content":{"rendered":"<p>Aunque carece de habilidades de la Fuerza, este monje guerrero ha perfeccionado rigurosamente su cuerpo a trav\u00e9s de una intensa disciplina f\u00edsica y mental.<\/p>\n<p>Profundamente espiritual, Chirrut \u00cemwe cree que todos los seres vivos est\u00e1n conectados a trav\u00e9s de la Fuerza.<\/p>\n<p>La figura Black Series a escala de 15 cm se detalla para parecerse al personaje Chirrut \u00cemwe de Rogue One: A Star Wars Story, con detalles premium y m\u00faltiples puntos de articulaci\u00f3n.<\/p>\n<p>Esta figura de acci\u00f3n de Star Wars The Black Series viene con 2 accesorios desmontables inspirados en el entretenimiento, que incluyen un arco de luz y un bast\u00f3n.<\/p>\n<p>\u26a0\ufe0f ADVERTENCIA: PELIGRO DE ASFIXIA &#8211; Piezas peque\u00f1as. No apto para ni\u00f1os menores de 4 a\u00f1os.<\/p>\n<p>Los productos Star Wars son producidos por Hasbro bajo licencia de Lucasfilm Ltd.<\/p>\n<p>Hasbro y todos los t\u00e9rminos relacionados son marcas registradas de Hasbro.<\/p>\n","protected":false},"excerpt":{"rendered":"<p>Aunque carece de habilidades de la Fuerza, este monje guerrero ha perfeccionado rigurosamente su cuerpo a trav\u00e9s de una intensa disciplina f\u00edsica y mental.<\/p>\n<p>Profundamente espiritual, Chirrut \u00cemwe cree que todos los seres vivos est\u00e1n conectados a trav\u00e9s de la Fuerza.<\/p>\n","protected":false},"featured_media":2432,"comment_status":"open","ping_status":"closed","template":"","meta":[],"product_brand":[],"product_cat":[28],"product_tag":[],"class_list":{"0":"post-993","1":"product","2":"type-product","3":"status-publish","4":"has-post-thumbnail","6":"product_cat-black-series","8":"first","9":"instock","10":"taxable","11":"shipping-taxable","12":"purchasable","13":"product-type-simple"},"_links":{"self":[{"href":"https:\/\/r2-toys.com\/index.php\/wp-json\/wp\/v2\/product\/993","targetHints":{"allow":["GET"]}}],"collection":[{"href":"https:\/\/r2-toys.com\/index.php\/wp-json\/wp\/v2\/product"}],"about":[{"href":"https:\/\/r2-toys.com\/index.php\/wp-json\/wp\/v2\/types\/product"}],"replies":[{"embeddable":true,"href":"https:\/\/r2-toys.com\/index.php\/wp-json\/wp\/v2\/comments?post=993"}],"wp:featuredmedia":[{"embeddable":true,"href":"https:\/\/r2-toys.com\/index.php\/wp-json\/wp\/v2\/media\/2432"}],"wp:attachment":[{"href":"https:\/\/r2-toys.com\/index.php\/wp-json\/wp\/v2\/media?parent=993"}],"wp:term":[{"taxonomy":"product_brand","embeddable":true,"href":"https:\/\/r2-toys.com\/index.php\/wp-json\/wp\/v2\/product_brand?post=993"},{"taxonomy":"product_cat","embeddable":true,"href":"https:\/\/r2-toys.com\/index.php\/wp-json\/wp\/v2\/product_cat?post=993"},{"taxonomy":"product_tag","embeddable":true,"href":"https:\/\/r2-toys.com\/index.php\/wp-json\/wp\/v2\/product_tag?post=993"}],"curies":[{"name":"wp","href":"https:\/\/api.w.org\/{rel}","templated":true}]}}