{"id":997,"date":"2022-03-24T05:26:09","date_gmt":"2022-03-23T23:26:09","guid":{"rendered":"https:\/\/r2-toys.com\/?post_type=product&#038;p=997"},"modified":"2026-01-21T00:08:56","modified_gmt":"2026-01-20T18:08:56","slug":"clone-trooper-kamin0","status":"publish","type":"product","link":"https:\/\/r2-toys.com\/index.php\/product\/clone-trooper-kamin0\/","title":{"rendered":"CLONE TROOPER (KAMIN0)"},"content":{"rendered":"<div>\n<p>Los Clone Troopers se desarrollaron en el planeta Kamino a partir de la plantilla gen\u00e9tica del cazarrecompensas Jango Fett y se convirtieron en una fuerza militar altamente eficiente.<\/p>\n<\/div>\n<div>\n<p>La figura de Black Series a escala de 15 cm se detalla para parecerse al personaje Clone Trooper (Kamino) de Star Wars: The Clone Wars, con detalles premium y m\u00faltiples puntos de articulaci\u00f3n.<\/p>\n<\/div>\n<div>\n<p>Incluye: figura y 2 accesorios.<\/p>\n<\/div>\n<div>\n<p>\u26a0\ufe0f ADVERTENCIA: PELIGRO DE ASFIXIA &#8211; Piezas peque\u00f1as. No apto para ni\u00f1os menores de 4 a\u00f1os.<\/p>\n<\/div>\n<div>\n<p>Los productos Star Wars son producidos por Hasbro bajo licencia de Lucasfilm Ltd.<\/p>\n<\/div>\n<div>\n<p>Hasbro y todos los t\u00e9rminos relacionados son marcas registradas de Hasbro.<\/p>\n<\/div>\n","protected":false},"excerpt":{"rendered":"<div>\n<p>Los Clone Troopers se desarrollaron en el planeta Kamino a partir de la plantilla gen\u00e9tica del cazarrecompensas Jango Fett y se convirtieron en una fuerza militar altamente eficiente.<\/p>\n<\/div>\n<div>\n<p>&nbsp;<\/p>\n<\/div>\n","protected":false},"featured_media":2444,"comment_status":"open","ping_status":"closed","template":"","meta":[],"product_brand":[],"product_cat":[28],"product_tag":[],"class_list":{"0":"post-997","1":"product","2":"type-product","3":"status-publish","4":"has-post-thumbnail","6":"product_cat-black-series","8":"first","9":"outofstock","10":"taxable","11":"shipping-taxable","12":"purchasable","13":"product-type-simple"},"_links":{"self":[{"href":"https:\/\/r2-toys.com\/index.php\/wp-json\/wp\/v2\/product\/997","targetHints":{"allow":["GET"]}}],"collection":[{"href":"https:\/\/r2-toys.com\/index.php\/wp-json\/wp\/v2\/product"}],"about":[{"href":"https:\/\/r2-toys.com\/index.php\/wp-json\/wp\/v2\/types\/product"}],"replies":[{"embeddable":true,"href":"https:\/\/r2-toys.com\/index.php\/wp-json\/wp\/v2\/comments?post=997"}],"wp:featuredmedia":[{"embeddable":true,"href":"https:\/\/r2-toys.com\/index.php\/wp-json\/wp\/v2\/media\/2444"}],"wp:attachment":[{"href":"https:\/\/r2-toys.com\/index.php\/wp-json\/wp\/v2\/media?parent=997"}],"wp:term":[{"taxonomy":"product_brand","embeddable":true,"href":"https:\/\/r2-toys.com\/index.php\/wp-json\/wp\/v2\/product_brand?post=997"},{"taxonomy":"product_cat","embeddable":true,"href":"https:\/\/r2-toys.com\/index.php\/wp-json\/wp\/v2\/product_cat?post=997"},{"taxonomy":"product_tag","embeddable":true,"href":"https:\/\/r2-toys.com\/index.php\/wp-json\/wp\/v2\/product_tag?post=997"}],"curies":[{"name":"wp","href":"https:\/\/api.w.org\/{rel}","templated":true}]}}